{"id":12,"date":"2016-08-23T23:19:08","date_gmt":"2016-08-24T02:19:08","guid":{"rendered":"http:\/\/localhost\/necon\/?page_id=12"},"modified":"2021-04-28T22:15:48","modified_gmt":"2021-04-29T01:15:48","slug":"sobre-o-necon","status":"publish","type":"page","link":"http:\/\/necon.iesp.uerj.br\/index.php\/sobre-o-necon\/","title":{"rendered":"O NECON"},"content":{"rendered":"<p>O N\u00facleo de Estudos sobre o\u00a0Congresso (NECON) \u00e9 um laborat\u00f3rio de pesquisas vinculado ao IESP-UERJ.<\/p>\n<p>O Poder Legislativo ocupa lugar central na pol\u00edtica brasileira. Sua an\u00e1lise \u00e9 imprescind\u00edvel para a compreens\u00e3o do cen\u00e1rio pol\u00edtico nacional. Trabalhando nessa perspectiva, o N\u00facleo \u00e9 constitu\u00eddo por professores, pesquisadores e estudantes dedicados \u00e0 an\u00e1lise do Legislativo em seus diversos \u00e2mbitos.\u00a0Conhe\u00e7a, abaixo, um pouco mais sobre o N\u00facleo e sua equipe.<\/p>\n","protected":false},"excerpt":{"rendered":"<p>O N\u00facleo de Estudos sobre o\u00a0Congresso (NECON) \u00e9 um laborat\u00f3rio de pesquisas vinculado ao IESP-UERJ. O Poder Legislativo ocupa lugar central na pol\u00edtica brasileira. Sua an\u00e1lise \u00e9 imprescind\u00edvel para a compreens\u00e3o do cen\u00e1rio pol\u00edtico nacional. Trabalhando nessa perspectiva, o N\u00facleo \u00e9 constitu\u00eddo por professores, pesquisadores e estudantes dedicados \u00e0 an\u00e1lise do Legislativo em seus diversos &hellip; <a href=\"http:\/\/necon.iesp.uerj.br\/index.php\/sobre-o-necon\/\" class=\"more-link\">Continue lendo<span class=\"screen-reader-text\"> &#8220;O NECON&#8221;<\/span><\/a><\/p>\n","protected":false},"author":1,"featured_media":0,"parent":0,"menu_order":0,"comment_status":"closed","ping_status":"closed","template":"page-sobre.php","meta":{"_acf_changed":false,"footnotes":""},"class_list":["post-12","page","type-page","status-publish","hentry"],"acf":[],"_links":{"self":[{"href":"http:\/\/necon.iesp.uerj.br\/index.php\/wp-json\/wp\/v2\/pages\/12","targetHints":{"allow":["GET"]}}],"collection":[{"href":"http:\/\/necon.iesp.uerj.br\/index.php\/wp-json\/wp\/v2\/pages"}],"about":[{"href":"http:\/\/necon.iesp.uerj.br\/index.php\/wp-json\/wp\/v2\/types\/page"}],"author":[{"embeddable":true,"href":"http:\/\/necon.iesp.uerj.br\/index.php\/wp-json\/wp\/v2\/users\/1"}],"replies":[{"embeddable":true,"href":"http:\/\/necon.iesp.uerj.br\/index.php\/wp-json\/wp\/v2\/comments?post=12"}],"version-history":[{"count":13,"href":"http:\/\/necon.iesp.uerj.br\/index.php\/wp-json\/wp\/v2\/pages\/12\/revisions"}],"predecessor-version":[{"id":454,"href":"http:\/\/necon.iesp.uerj.br\/index.php\/wp-json\/wp\/v2\/pages\/12\/revisions\/454"}],"wp:attachment":[{"href":"http:\/\/necon.iesp.uerj.br\/index.php\/wp-json\/wp\/v2\/media?parent=12"}],"curies":[{"name":"wp","href":"https:\/\/api.w.org\/{rel}","templated":true}]}}