{"id":16,"date":"2016-08-23T23:19:50","date_gmt":"2016-08-24T02:19:50","guid":{"rendered":"http:\/\/localhost\/necon\/?page_id=16"},"modified":"2021-04-28T21:34:41","modified_gmt":"2021-04-29T00:34:41","slug":"textos","status":"publish","type":"page","link":"http:\/\/necon.iesp.uerj.br\/index.php\/textos\/","title":{"rendered":"Pap\u00e9is Legislativos, Pain\u00e9is Necon &#038; Boletins do OLB"},"content":{"rendered":"<p>Aqui\u00a0 s\u00e3o publicados os Pap\u00e9is Legislativos, os Pain\u00e9is NECON e os Boletins do OLB.<\/p>\n<p>Os Pap\u00e9is Legislativos s\u00e3o an\u00e1lises produzidos pela equipe do NECON buscando contribuir para compreens\u00e3o do cen\u00e1rio pol\u00edtico brasileiro e de seu \u00e2mbito legislativo.\u00a0S\u00e3o an\u00e1lises eleitorais, boletins de conjuntura e notas de pesquisa. Os Pain\u00e9is NECON s\u00e3o apresenta\u00e7\u00f5es realizadas por membros da equipe com a finalidade de se discutir projetos em andamento.\u00a0Finalmente, os Boletins s\u00e3o textos produzidos no \u00e2mbito do Observat\u00f3rio do Legislativo Brasileiro (OLB), iniciativa que conta com o apoio do NECON e do LEMEP e tem por objetivo acompanhar o Congresso Nacional e produzir informa\u00e7\u00f5es substantivas para organiza\u00e7\u00f5es da sociedade civil e cidad\u00e3os.<\/p>\n","protected":false},"excerpt":{"rendered":"<p>Aqui\u00a0 s\u00e3o publicados os Pap\u00e9is Legislativos, os Pain\u00e9is NECON e os Boletins do OLB. Os Pap\u00e9is Legislativos s\u00e3o an\u00e1lises produzidos pela equipe do NECON buscando contribuir para compreens\u00e3o do cen\u00e1rio pol\u00edtico brasileiro e de seu \u00e2mbito legislativo.\u00a0S\u00e3o an\u00e1lises eleitorais, boletins de conjuntura e notas de pesquisa. Os Pain\u00e9is NECON s\u00e3o apresenta\u00e7\u00f5es realizadas por membros da &hellip; <a href=\"http:\/\/necon.iesp.uerj.br\/index.php\/textos\/\" class=\"more-link\">Continue lendo<span class=\"screen-reader-text\"> &#8220;Pap\u00e9is Legislativos, Pain\u00e9is Necon &#038; Boletins do OLB&#8221;<\/span><\/a><\/p>\n","protected":false},"author":1,"featured_media":0,"parent":0,"menu_order":0,"comment_status":"closed","ping_status":"closed","template":"page-textos.php","meta":{"_acf_changed":false,"footnotes":""},"class_list":["post-16","page","type-page","status-publish","hentry"],"acf":[],"_links":{"self":[{"href":"http:\/\/necon.iesp.uerj.br\/index.php\/wp-json\/wp\/v2\/pages\/16","targetHints":{"allow":["GET"]}}],"collection":[{"href":"http:\/\/necon.iesp.uerj.br\/index.php\/wp-json\/wp\/v2\/pages"}],"about":[{"href":"http:\/\/necon.iesp.uerj.br\/index.php\/wp-json\/wp\/v2\/types\/page"}],"author":[{"embeddable":true,"href":"http:\/\/necon.iesp.uerj.br\/index.php\/wp-json\/wp\/v2\/users\/1"}],"replies":[{"embeddable":true,"href":"http:\/\/necon.iesp.uerj.br\/index.php\/wp-json\/wp\/v2\/comments?post=16"}],"version-history":[{"count":19,"href":"http:\/\/necon.iesp.uerj.br\/index.php\/wp-json\/wp\/v2\/pages\/16\/revisions"}],"predecessor-version":[{"id":449,"href":"http:\/\/necon.iesp.uerj.br\/index.php\/wp-json\/wp\/v2\/pages\/16\/revisions\/449"}],"wp:attachment":[{"href":"http:\/\/necon.iesp.uerj.br\/index.php\/wp-json\/wp\/v2\/media?parent=16"}],"curies":[{"name":"wp","href":"https:\/\/api.w.org\/{rel}","templated":true}]}}